{"id":6174,"date":"2023-04-26T11:38:29","date_gmt":"2023-04-26T09:38:29","guid":{"rendered":"https:\/\/www.hotelsanromandeescalante.com\/declaration-daccessibilite\/"},"modified":"2023-04-26T11:38:30","modified_gmt":"2023-04-26T09:38:30","slug":"declaration-daccessibilite","status":"publish","type":"page","link":"https:\/\/www.hotelsanromandeescalante.com\/fr\/declaration-daccessibilite\/","title":{"rendered":"D\u00e9claration d&#8217;accessibilit\u00e9"},"content":{"rendered":"\n<p>\u00c0 l&#8217;H\u00f4tel San Rom\u00e1n de Escalante, nous travaillons en permanence pour garantir un acc\u00e8s universel \u00e0 notre Web, dans le but que toutes les personnes, quel que soit leur \u00e2ge, leur handicap ou toute autre situation personnelle, puissent parcourir les pages du domaine. <a href=\"http:\/\/hotelsanromandeescalante.com\">hotelsanromandeescalante.com<\/a> sans rencontrer de difficult\u00e9s d&#8217;acc\u00e8s.<\/p>\n\n<p>Los criterios adoptados para conseguir una mayor accesibilidad de la Web de <strong>HOTEL SAN ROM\u00c1N <\/strong>se basan en las directrices <strong>WCAG\/WAI<\/strong> fijadas por el <strong><em>World Wide Web Consortium<\/em> (W3C)<\/strong>, que es la organizaci\u00f3n de car\u00e1cter supranacional que se encarga de la supervisi\u00f3n de las tecnolog\u00edas y la adopci\u00f3n de los est\u00e1ndares de Internet. En este sentido el desarrollo de la Web de<strong><strong>HOTEL SAN ROM\u00c1N<\/strong><\/strong>se ha basado en el cumplimiento de las <strong>Pautas de accesibilidad para el Contenido<\/strong> en la web de la WCAG 2.1 del W3C-WAI en su nivel de exigencia AA. <strong>Everycode, S.L.<\/strong>, se ha encargado de realizar una auditor\u00eda de accesibilidad seg\u00fan los requisitos de las WCAG 2.1. en su nivel AA.<\/p>\n\n<p>La presente declaraci\u00f3n de accesibilidad se aplica al sitio web <a href=\"http:\/\/hotelsanromandeescalante.com\">hotelsanromandeescalante.com<\/a>, excluyendo los contenidos incrustados provenientes de otros dominios.<\/p>\n\n<h2 class=\"wp-block-heading\"><strong>Situaci\u00f3n actual<\/strong><\/h2>\n\n<p>El sitio web <a href=\"http:\/\/hotelsanromandeescalante.com\">hotelsanromandeescalante.com<\/a> ha sido certificado con la Certificaci\u00f3n inSuit AA seg\u00fan los requisitos de las WCAG 2.1 en su nivel AA.<\/p>\n\n<p>Algunas de las funcionalidades implementadas en el sitio web <a href=\"http:\/\/hotelsanromandeescalante.com\">hotelsanromandeescalante.com<\/a>, para permitir una mayor accesibilidad a sus contenidos son:<\/p>\n\n<ul class=\"wp-block-list\">\n<li>Las <strong>caracter\u00edsticas visuales<\/strong> del portal (tipo de letra, color de fuente y fondo, etc.) se definen mediante la hoja de estilos para que el usuario pueda <strong>ajustar el texto a sus preferencias<\/strong>.<\/li>\n\n\n\n<li>Los tama\u00f1os de las <strong>fuentes <\/strong>se han definido con <strong>unidades relativas<\/strong> para que pueda ampliar o disminuir el tama\u00f1o de la fuente desde las opciones del navegador.<\/li>\n\n\n\n<li>Si un usuario accede a la p\u00e1gina con un navegador que no soporta hoja de estilos, no supondr\u00e1 una dificultad, ya que de igual manera se puede acceder a todos los contenidos con la CSS desactivada.<\/li>\n\n\n\n<li>Las p\u00e1ginas tienen una estructura clara tanto para el usuario que puede ver todo el contenido, como para el que lee la informaci\u00f3n con un lector de pantalla, usuarios que desactivan la hoja de estilos, etc. Bajo este objetivo, se han definido mediante el c\u00f3digo HTML los encabezados de secci\u00f3n, las listas y todos los elementos que ayudan a la comprensi\u00f3n general del sitio web.<\/li>\n\n\n\n<li>El c\u00f3digo HTML y CSS empleado se ajusta a las gram\u00e1ticas formales para garantizar la correcta visualizaci\u00f3n de los contenidos en distintos navegadores.<\/li>\n<\/ul>\n\n<h2 class=\"wp-block-heading\"><strong>Preparaci\u00f3n de la presente declaraci\u00f3n de accesibilidad<\/strong><\/h2>\n\n<p>La presente declaraci\u00f3n fue preparada el <strong>15 de marzo de 2023<\/strong>.<\/p>\n\n<p>El m\u00e9todo empleado para preparar la declaraci\u00f3n ha sido una auditor\u00eda de accesibilidad llevada a cabo por la empresa <strong>Everycode, S.L.<\/strong> el <strong>15\/03\/2023<\/strong>.<\/p>\n\n<p>\u00daltima revisi\u00f3n de la declaraci\u00f3n: <strong>15 de marzo de 2023<\/strong>.<\/p>\n\n<p>El resultado de la auditor\u00eda ha sido plenamente conforme seg\u00fan los requisitos de las WCAG 2.1 en su nivel AA, lo que refleja el cumplimiento del nivel de accesibilidad exigido por la legislaci\u00f3n vigente.<\/p>\n\n<p>Pueden aportar sugerencias o peticiones sobre accesibilidad web en el formulario de contacto: info@hotelsanromandeescalante.com.<\/p>\n","protected":false},"excerpt":{"rendered":"<p>\u00c0 l&#8217;H\u00f4tel San Rom\u00e1n de Escalante, nous travaillons en permanence pour garantir un acc\u00e8s universel \u00e0 notre Web, dans le&#8230; <span class=\"knsl-el-more\"><a href=\"https:\/\/www.hotelsanromandeescalante.com\/fr\/declaration-daccessibilite\/\" class=\"knsl-btn\">Read more<\/a><\/span><\/p>\n","protected":false},"author":5,"featured_media":0,"parent":0,"menu_order":0,"comment_status":"closed","ping_status":"closed","template":"","meta":{"inline_featured_image":false,"_joinchat":[],"footnotes":""},"class_list":["post-6174","page","type-page","status-publish","hentry"],"acf":[],"yoast_head":"<!-- This site is optimized with the Yoast SEO plugin v27.2 - https:\/\/yoast.com\/product\/yoast-seo-wordpress\/ -->\n<title>D\u00e9claration d&#039;accessibilit\u00e9 - Hotel San Rom\u00e1n de Escalante<\/title>\n<meta name=\"robots\" content=\"index, follow, max-snippet:-1, max-image-preview:large, max-video-preview:-1\" \/>\n<link rel=\"canonical\" href=\"https:\/\/www.hotelsanromandeescalante.com\/fr\/declaration-daccessibilite\/\" \/>\n<meta property=\"og:locale\" content=\"fr_FR\" \/>\n<meta property=\"og:type\" content=\"article\" \/>\n<meta property=\"og:title\" content=\"D\u00e9claration d&#039;accessibilit\u00e9 - Hotel San Rom\u00e1n de Escalante\" \/>\n<meta property=\"og:description\" content=\"\u00c0 l&#8217;H\u00f4tel San Rom\u00e1n de Escalante, nous travaillons en permanence pour garantir un acc\u00e8s universel \u00e0 notre Web, dans le... Read more\" \/>\n<meta property=\"og:url\" content=\"https:\/\/www.hotelsanromandeescalante.com\/fr\/declaration-daccessibilite\/\" \/>\n<meta property=\"og:site_name\" content=\"Hotel San Rom\u00e1n de Escalante\" \/>\n<meta property=\"article:publisher\" content=\"https:\/\/www.facebook.com\/nuevohotelsanromandeescalante\" \/>\n<meta property=\"article:modified_time\" content=\"2023-04-26T09:38:30+00:00\" \/>\n<meta name=\"twitter:card\" content=\"summary_large_image\" \/>\n<meta name=\"twitter:label1\" content=\"Dur\u00e9e de lecture estim\u00e9e\" \/>\n\t<meta name=\"twitter:data1\" content=\"3 minutes\" \/>\n<script type=\"application\/ld+json\" class=\"yoast-schema-graph\">{\"@context\":\"https:\/\/schema.org\",\"@graph\":[{\"@type\":\"WebPage\",\"@id\":\"https:\/\/www.hotelsanromandeescalante.com\/fr\/declaration-daccessibilite\/\",\"url\":\"https:\/\/www.hotelsanromandeescalante.com\/fr\/declaration-daccessibilite\/\",\"name\":\"D\u00e9claration d'accessibilit\u00e9 - Hotel San Rom\u00e1n de Escalante\",\"isPartOf\":{\"@id\":\"https:\/\/www.hotelsanromandeescalante.com\/#website\"},\"datePublished\":\"2023-04-26T09:38:29+00:00\",\"dateModified\":\"2023-04-26T09:38:30+00:00\",\"breadcrumb\":{\"@id\":\"https:\/\/www.hotelsanromandeescalante.com\/fr\/declaration-daccessibilite\/#breadcrumb\"},\"inLanguage\":\"fr-FR\",\"potentialAction\":[{\"@type\":\"ReadAction\",\"target\":[\"https:\/\/www.hotelsanromandeescalante.com\/fr\/declaration-daccessibilite\/\"]}]},{\"@type\":\"BreadcrumbList\",\"@id\":\"https:\/\/www.hotelsanromandeescalante.com\/fr\/declaration-daccessibilite\/#breadcrumb\",\"itemListElement\":[{\"@type\":\"ListItem\",\"position\":1,\"name\":\"Portada\",\"item\":\"https:\/\/www.hotelsanromandeescalante.com\/fr\/home\/\"},{\"@type\":\"ListItem\",\"position\":2,\"name\":\"D\u00e9claration d&#8217;accessibilit\u00e9\"}]},{\"@type\":\"WebSite\",\"@id\":\"https:\/\/www.hotelsanromandeescalante.com\/#website\",\"url\":\"https:\/\/www.hotelsanromandeescalante.com\/\",\"name\":\"Hotel San Rom\u00e1n de Escalante\",\"description\":\"\",\"publisher\":{\"@id\":\"https:\/\/www.hotelsanromandeescalante.com\/#organization\"},\"potentialAction\":[{\"@type\":\"SearchAction\",\"target\":{\"@type\":\"EntryPoint\",\"urlTemplate\":\"https:\/\/www.hotelsanromandeescalante.com\/?s={search_term_string}\"},\"query-input\":{\"@type\":\"PropertyValueSpecification\",\"valueRequired\":true,\"valueName\":\"search_term_string\"}}],\"inLanguage\":\"fr-FR\"},{\"@type\":\"Organization\",\"@id\":\"https:\/\/www.hotelsanromandeescalante.com\/#organization\",\"name\":\"Hotel San Rom\u00e1n de Escalante\",\"url\":\"https:\/\/www.hotelsanromandeescalante.com\/\",\"logo\":{\"@type\":\"ImageObject\",\"inLanguage\":\"fr-FR\",\"@id\":\"https:\/\/www.hotelsanromandeescalante.com\/#\/schema\/logo\/image\/\",\"url\":\"https:\/\/www.hotelsanromandeescalante.com\/wp-content\/uploads\/2022\/11\/SanRoman_Logo_Horizontal.svg\",\"contentUrl\":\"https:\/\/www.hotelsanromandeescalante.com\/wp-content\/uploads\/2022\/11\/SanRoman_Logo_Horizontal.svg\",\"width\":\"1024\",\"height\":\"1024\",\"caption\":\"Hotel San Rom\u00e1n de Escalante\"},\"image\":{\"@id\":\"https:\/\/www.hotelsanromandeescalante.com\/#\/schema\/logo\/image\/\"},\"sameAs\":[\"https:\/\/www.facebook.com\/nuevohotelsanromandeescalante\",\"https:\/\/www.instagram.com\/nuevohotelsanromandeescalante\/\",\"https:\/\/www.youtube.com\/@hotelsanromandeescalante6567\"]}]}<\/script>\n<!-- \/ Yoast SEO plugin. -->","yoast_head_json":{"title":"D\u00e9claration d'accessibilit\u00e9 - Hotel San Rom\u00e1n de Escalante","robots":{"index":"index","follow":"follow","max-snippet":"max-snippet:-1","max-image-preview":"max-image-preview:large","max-video-preview":"max-video-preview:-1"},"canonical":"https:\/\/www.hotelsanromandeescalante.com\/fr\/declaration-daccessibilite\/","og_locale":"fr_FR","og_type":"article","og_title":"D\u00e9claration d'accessibilit\u00e9 - Hotel San Rom\u00e1n de Escalante","og_description":"\u00c0 l&#8217;H\u00f4tel San Rom\u00e1n de Escalante, nous travaillons en permanence pour garantir un acc\u00e8s universel \u00e0 notre Web, dans le... Read more","og_url":"https:\/\/www.hotelsanromandeescalante.com\/fr\/declaration-daccessibilite\/","og_site_name":"Hotel San Rom\u00e1n de Escalante","article_publisher":"https:\/\/www.facebook.com\/nuevohotelsanromandeescalante","article_modified_time":"2023-04-26T09:38:30+00:00","twitter_card":"summary_large_image","twitter_misc":{"Dur\u00e9e de lecture estim\u00e9e":"3 minutes"},"schema":{"@context":"https:\/\/schema.org","@graph":[{"@type":"WebPage","@id":"https:\/\/www.hotelsanromandeescalante.com\/fr\/declaration-daccessibilite\/","url":"https:\/\/www.hotelsanromandeescalante.com\/fr\/declaration-daccessibilite\/","name":"D\u00e9claration d'accessibilit\u00e9 - Hotel San Rom\u00e1n de Escalante","isPartOf":{"@id":"https:\/\/www.hotelsanromandeescalante.com\/#website"},"datePublished":"2023-04-26T09:38:29+00:00","dateModified":"2023-04-26T09:38:30+00:00","breadcrumb":{"@id":"https:\/\/www.hotelsanromandeescalante.com\/fr\/declaration-daccessibilite\/#breadcrumb"},"inLanguage":"fr-FR","potentialAction":[{"@type":"ReadAction","target":["https:\/\/www.hotelsanromandeescalante.com\/fr\/declaration-daccessibilite\/"]}]},{"@type":"BreadcrumbList","@id":"https:\/\/www.hotelsanromandeescalante.com\/fr\/declaration-daccessibilite\/#breadcrumb","itemListElement":[{"@type":"ListItem","position":1,"name":"Portada","item":"https:\/\/www.hotelsanromandeescalante.com\/fr\/home\/"},{"@type":"ListItem","position":2,"name":"D\u00e9claration d&#8217;accessibilit\u00e9"}]},{"@type":"WebSite","@id":"https:\/\/www.hotelsanromandeescalante.com\/#website","url":"https:\/\/www.hotelsanromandeescalante.com\/","name":"Hotel San Rom\u00e1n de Escalante","description":"","publisher":{"@id":"https:\/\/www.hotelsanromandeescalante.com\/#organization"},"potentialAction":[{"@type":"SearchAction","target":{"@type":"EntryPoint","urlTemplate":"https:\/\/www.hotelsanromandeescalante.com\/?s={search_term_string}"},"query-input":{"@type":"PropertyValueSpecification","valueRequired":true,"valueName":"search_term_string"}}],"inLanguage":"fr-FR"},{"@type":"Organization","@id":"https:\/\/www.hotelsanromandeescalante.com\/#organization","name":"Hotel San Rom\u00e1n de Escalante","url":"https:\/\/www.hotelsanromandeescalante.com\/","logo":{"@type":"ImageObject","inLanguage":"fr-FR","@id":"https:\/\/www.hotelsanromandeescalante.com\/#\/schema\/logo\/image\/","url":"https:\/\/www.hotelsanromandeescalante.com\/wp-content\/uploads\/2022\/11\/SanRoman_Logo_Horizontal.svg","contentUrl":"https:\/\/www.hotelsanromandeescalante.com\/wp-content\/uploads\/2022\/11\/SanRoman_Logo_Horizontal.svg","width":"1024","height":"1024","caption":"Hotel San Rom\u00e1n de Escalante"},"image":{"@id":"https:\/\/www.hotelsanromandeescalante.com\/#\/schema\/logo\/image\/"},"sameAs":["https:\/\/www.facebook.com\/nuevohotelsanromandeescalante","https:\/\/www.instagram.com\/nuevohotelsanromandeescalante\/","https:\/\/www.youtube.com\/@hotelsanromandeescalante6567"]}]}},"_links":{"self":[{"href":"https:\/\/www.hotelsanromandeescalante.com\/fr\/wp-json\/wp\/v2\/pages\/6174","targetHints":{"allow":["GET"]}}],"collection":[{"href":"https:\/\/www.hotelsanromandeescalante.com\/fr\/wp-json\/wp\/v2\/pages"}],"about":[{"href":"https:\/\/www.hotelsanromandeescalante.com\/fr\/wp-json\/wp\/v2\/types\/page"}],"author":[{"embeddable":true,"href":"https:\/\/www.hotelsanromandeescalante.com\/fr\/wp-json\/wp\/v2\/users\/5"}],"replies":[{"embeddable":true,"href":"https:\/\/www.hotelsanromandeescalante.com\/fr\/wp-json\/wp\/v2\/comments?post=6174"}],"version-history":[{"count":1,"href":"https:\/\/www.hotelsanromandeescalante.com\/fr\/wp-json\/wp\/v2\/pages\/6174\/revisions"}],"predecessor-version":[{"id":6175,"href":"https:\/\/www.hotelsanromandeescalante.com\/fr\/wp-json\/wp\/v2\/pages\/6174\/revisions\/6175"}],"wp:attachment":[{"href":"https:\/\/www.hotelsanromandeescalante.com\/fr\/wp-json\/wp\/v2\/media?parent=6174"}],"curies":[{"name":"wp","href":"https:\/\/api.w.org\/{rel}","templated":true}]}}