{"id":6152,"date":"2023-04-25T16:58:41","date_gmt":"2023-04-25T14:58:41","guid":{"rendered":"https:\/\/www.hotelsanromandeescalante.com\/contact\/"},"modified":"2023-04-26T11:36:44","modified_gmt":"2023-04-26T09:36:44","slug":"contact","status":"publish","type":"page","link":"https:\/\/www.hotelsanromandeescalante.com\/fr\/contact\/","title":{"rendered":"Contact"},"content":{"rendered":"\t\t<div data-elementor-type=\"wp-page\" data-elementor-id=\"6152\" class=\"elementor elementor-6152 elementor-352\">\n\t\t\t\t\t\t<section class=\"elementor-section elementor-top-section elementor-element elementor-element-1bc559b elementor-section-full_width elementor-section-height-default elementor-section-height-default\" data-id=\"1bc559b\" data-element_type=\"section\" data-e-type=\"section\" data-settings=\"{&quot;background_background&quot;:&quot;classic&quot;}\">\n\t\t\t\t\t\t\t<div class=\"elementor-background-overlay\"><\/div>\n\t\t\t\t\t\t\t<div class=\"elementor-container elementor-column-gap-no\">\n\t\t\t\t\t<div class=\"elementor-column elementor-col-100 elementor-top-column elementor-element elementor-element-7434790\" data-id=\"7434790\" data-element_type=\"column\" data-e-type=\"column\">\n\t\t\t<div class=\"elementor-widget-wrap elementor-element-populated\">\n\t\t\t\t\t\t<div class=\"elementor-element elementor-element-687d6a0 elementor-widget elementor-widget-kinsley-intro\" data-id=\"687d6a0\" data-element_type=\"widget\" data-e-type=\"widget\" data-widget_type=\"kinsley-intro.default\">\n\t\t\t\t<div class=\"elementor-widget-container\">\n\t\t\t\t\t\n    <!-- banner -->\n    <section class=\"knsl-banner-simple knsl-transition-bottom knsl-banner-white\">\n      \n      <div class=\"container\">\n        <div class=\"row\">\n          <div class=\"col-lg-12\">\n\n            <div class=\"knsl-center knsl-title-frame\">\n                            <h1 class=\"knsl-title--h knsl-mb-20 knsl-h1-inner\">\n                <span >\n                    Contact                <\/span>\n              <\/h1>\n                            \n              \n            <\/div>\n\n          <\/div>\n        <\/div>\n      <\/div>\n    <\/section>\n    <!-- banner end -->\n\n\t\t\t\t\t\t<\/div>\n\t\t\t\t<\/div>\n\t\t\t\t\t<\/div>\n\t\t<\/div>\n\t\t\t\t\t<\/div>\n\t\t<\/section>\n\t\t\t\t<section class=\"elementor-section elementor-top-section elementor-element elementor-element-750c0b1 elementor-section-full_width elementor-section-height-default elementor-section-height-default\" data-id=\"750c0b1\" data-element_type=\"section\" data-e-type=\"section\">\n\t\t\t\t\t\t<div class=\"elementor-container elementor-column-gap-no\">\n\t\t\t\t\t<div class=\"elementor-column elementor-col-100 elementor-top-column elementor-element elementor-element-871006b\" data-id=\"871006b\" data-element_type=\"column\" data-e-type=\"column\">\n\t\t\t<div class=\"elementor-widget-wrap\">\n\t\t\t\t\t\t\t<\/div>\n\t\t<\/div>\n\t\t\t\t\t<\/div>\n\t\t<\/section>\n\t\t\t\t<section class=\"elementor-section elementor-top-section elementor-element elementor-element-2e6aa67 elementor-section-full_width elementor-section-content-middle elementor-section-height-default elementor-section-height-default\" data-id=\"2e6aa67\" data-element_type=\"section\" data-e-type=\"section\">\n\t\t\t\t\t\t<div class=\"elementor-container elementor-column-gap-extended\">\n\t\t\t\t\t<div class=\"elementor-column elementor-col-100 elementor-top-column elementor-element elementor-element-09b989e\" data-id=\"09b989e\" data-element_type=\"column\" data-e-type=\"column\">\n\t\t\t<div class=\"elementor-widget-wrap elementor-element-populated\">\n\t\t\t\t\t\t<div class=\"elementor-element elementor-element-45cbf94 elementor-widget elementor-widget-google_maps\" data-id=\"45cbf94\" data-element_type=\"widget\" data-e-type=\"widget\" data-widget_type=\"google_maps.default\">\n\t\t\t\t<div class=\"elementor-widget-container\">\n\t\t\t\t\t\t\t<div class=\"elementor-custom-embed\">\n\t\t\t<iframe loading=\"lazy\"\n\t\t\t\t\tsrc=\"https:\/\/maps.google.com\/maps?q=Hotel%20San%20Rom%C3%A1n%20de%20Escalante&#038;t=m&#038;z=12&#038;output=embed&#038;iwloc=near\"\n\t\t\t\t\ttitle=\"Hotel San Rom\u00e1n de Escalante\"\n\t\t\t\t\taria-label=\"Hotel San Rom\u00e1n de Escalante\"\n\t\t\t><\/iframe>\n\t\t<\/div>\n\t\t\t\t\t\t<\/div>\n\t\t\t\t<\/div>\n\t\t\t\t\t<\/div>\n\t\t<\/div>\n\t\t\t\t\t<\/div>\n\t\t<\/section>\n\t\t\t\t<section class=\"elementor-section elementor-top-section elementor-element elementor-element-304871b elementor-section-full_width elementor-section-height-default elementor-section-height-default\" data-id=\"304871b\" data-element_type=\"section\" data-e-type=\"section\">\n\t\t\t\t\t\t<div class=\"elementor-container elementor-column-gap-no\">\n\t\t\t\t\t<div class=\"elementor-column elementor-col-100 elementor-top-column elementor-element elementor-element-4ada694\" data-id=\"4ada694\" data-element_type=\"column\" data-e-type=\"column\">\n\t\t\t<div class=\"elementor-widget-wrap elementor-element-populated\">\n\t\t\t\t\t\t<div class=\"elementor-element elementor-element-e986a20 elementor-widget elementor-widget-kinsley-contact-form\" data-id=\"e986a20\" data-element_type=\"widget\" data-e-type=\"widget\" data-widget_type=\"kinsley-contact-form.default\">\n\t\t\t\t<div class=\"elementor-widget-container\">\n\t\t\t\t\t\n    <section class=\"knsl-transition-none knsl-p-0-100\">\n      \n      <div class=\"container\">\n        <div class=\"row\">\n                    <div class=\"col-lg-12\">\n            <div class=\"knsl-center knsl-title-frame knsl-scroll-animation knsl-mb-100\">\n                            <h2 class=\"knsl-title--h knsl-mb-20\">\n                <span >\n                    \u00c9crivez-nous!                <\/span>\n              <\/h2>\n                                          <p class=\"knsl-text knsl-mb-30\">\n                <span >\n                    Si vous souhaitez contacter l'H\u00f4tel San Rom\u00e1n de Escalante en Cantabrie, vous pouvez \u00e9galement le faire via le formulaire de contact suivant.                <\/span>\n              <\/p>\n                                        <\/div>\n          <\/div>\n                              <div class=\"col-lg-12\">\n            <div class=\"knsl-scroll-animation-default\">\n              \n<div class=\"wpcf7 no-js\" id=\"wpcf7-f384-o1\" lang=\"en-US\" dir=\"ltr\" data-wpcf7-id=\"384\">\n<div class=\"screen-reader-response\"><p role=\"status\" aria-live=\"polite\" aria-atomic=\"true\"><\/p> <ul><\/ul><\/div>\n<form action=\"\/fr\/wp-json\/wp\/v2\/pages\/6152#wpcf7-f384-o1\" method=\"post\" class=\"wpcf7-form init\" aria-label=\"Contact form\" novalidate=\"novalidate\" data-status=\"init\">\n<fieldset class=\"hidden-fields-container\"><input type=\"hidden\" name=\"_wpcf7\" value=\"384\" \/><input type=\"hidden\" name=\"_wpcf7_version\" value=\"6.1.5\" \/><input type=\"hidden\" name=\"_wpcf7_locale\" value=\"en_US\" \/><input type=\"hidden\" name=\"_wpcf7_unit_tag\" value=\"wpcf7-f384-o1\" \/><input type=\"hidden\" name=\"_wpcf7_container_post\" value=\"0\" \/><input type=\"hidden\" name=\"_wpcf7_posted_data_hash\" value=\"\" \/>\n<\/fieldset>\n<div class=\"row\">\n  <div class=\"col-lg-6\">\n    <span class=\"wpcf7-form-control-wrap\" data-name=\"cf-nombre\"><input size=\"40\" maxlength=\"400\" class=\"wpcf7-form-control wpcf7-text wpcf7-validates-as-required\" aria-required=\"true\" aria-invalid=\"false\" placeholder=\"Nombre\" value=\"\" type=\"text\" name=\"cf-nombre\" \/><\/span>\n  <\/div>\n  <div class=\"col-lg-6\">\n    <span class=\"wpcf7-form-control-wrap\" data-name=\"cf-email\"><input size=\"40\" maxlength=\"400\" class=\"wpcf7-form-control wpcf7-email wpcf7-validates-as-required wpcf7-text wpcf7-validates-as-email\" aria-required=\"true\" aria-invalid=\"false\" placeholder=\"Email\" value=\"\" type=\"email\" name=\"cf-email\" \/><\/span>\n  <\/div>\n  <div class=\"col-lg-6\">\n    <span class=\"wpcf7-form-control-wrap\" data-name=\"cf-telefono\"><input size=\"40\" maxlength=\"400\" class=\"wpcf7-form-control wpcf7-tel wpcf7-text wpcf7-validates-as-tel\" aria-invalid=\"false\" placeholder=\"Tel\u00e9fono\" value=\"\" type=\"tel\" name=\"cf-telefono\" \/><\/span>\n  <\/div>\n  <div class=\"col-lg-6\">\n    <span class=\"wpcf7-form-control-wrap\" data-name=\"cf-departamento\"><select class=\"wpcf7-form-control wpcf7-select wpcf7-validates-as-required\" aria-required=\"true\" aria-invalid=\"false\" name=\"cf-departamento\"><option value=\"\">Motivo del mensaje?<\/option><option value=\"Reservas\">Reservas<\/option><option value=\"Hotel\">Hotel<\/option><option value=\"Gerencia\">Gerencia<\/option><option value=\"Eventos\">Eventos<\/option><\/select><\/span>\n  <\/div>\n  <div class=\"col-lg-12\">\n    <span class=\"wpcf7-form-control-wrap\" data-name=\"cf-mensaje\"><textarea cols=\"40\" rows=\"10\" maxlength=\"2000\" class=\"wpcf7-form-control wpcf7-textarea\" aria-invalid=\"false\" placeholder=\"Mensaje\" name=\"cf-mensaje\"><\/textarea><\/span>\n  <\/div>\n  <div class=\"col-lg-12\">\n    <span class=\"wpcf7-form-control-wrap\" data-name=\"rgpd\"><span class=\"wpcf7-form-control wpcf7-acceptance\"><span class=\"wpcf7-list-item\"><label><input type=\"checkbox\" name=\"rgpd\" value=\"1\" aria-invalid=\"false\" \/><span class=\"wpcf7-list-item-label\"><span class=\"rgpd-texto\">De conformidad con lo dispuesto en el Reglamento (UE) 2016\/679 de 27 de abril (RGPD) y la Ley Org\u00e1nica 3\/2018 de 5 de diciembre (LOPDGDD), EXPLOTACIONES HOSTELERAS BRAMPER S.L.. es la Responsable del tratamiento de sus datos con la finalidad de gestionar el contacto con usuarios de esta web. Tiene derecho a acceder a sus datos, rectificarlos o suprimirlos, as\u00ed como otros derechos, como se explica en nuestra <a href=\"\/politica-privacidad\/\" target=\"blank\"> Pol\u00edtica de Privacidad.<\/a><\/span><\/span><\/label><\/span><\/span><\/span>\n  <\/div>\n  <div class=\"col-lg-12\">\n    <div class=\"knsl-form-submit-frame\">\n      <button type=\"submit\" class=\"knsl-btn\">Enviar<\/button>\n    <\/div>\n  <\/div>\n<\/div><input type='hidden' class='wpcf7-pum' value='{\"closepopup\":false,\"closedelay\":0,\"openpopup\":false,\"openpopup_id\":0}' \/><div class=\"wpcf7-response-output\" aria-hidden=\"true\"><\/div>\n<\/form>\n<\/div>\n            <\/div>\n          <\/div>\n                  <\/div>\n      <\/div>\n    <\/section>\n\n\t\t\t\t\t\t<\/div>\n\t\t\t\t<\/div>\n\t\t\t\t<div class=\"elementor-element elementor-element-f8d5e96 elementor-widget elementor-widget-kinsley-contact-info\" data-id=\"f8d5e96\" data-element_type=\"widget\" data-e-type=\"widget\" data-widget_type=\"kinsley-contact-info.default\">\n\t\t\t\t<div class=\"elementor-widget-container\">\n\t\t\t\t\t\n\t\t<!-- contact -->\n    <section>\n\n      <div id=\"knsl-triger-1\"><\/div>\n\n      <div class=\"container\">\n\n        <!-- features card -->\n        <div class=\"knsl-features-card\">\n\t\t\t\t\t          <div class=\"row\">\n\t\t\t\t\t\t            <div class=\"col-12 col-lg-4\">\n\n              <!-- icon box -->\n              <div class=\"knsl-icon-box\">\n\t\t\t\t\t\t\t\t                <img decoding=\"async\" src=\"https:\/\/www.hotelsanromandeescalante.com\/wp-content\/uploads\/2021\/12\/f-9.png\" alt=\"icon\" class=\"knsl-mb-10\" \/>\n\t\t\t\t\t\t\t\t\t\t\t\t\t\t\t\t                <h5 class=\"knsl-mb-10\">\n\t\t\t\t\t\t\t\t\t<span >\n\t\t\t\t\t\t\t\t\t\tDirecci\u00f3n\t\t\t\t\t\t\t\t\t<\/span>\n\t\t\t\t\t\t\t\t<\/h5>\n\t\t\t\t\t\t\t\t\t\t\t\t\t\t\t\t                <p>\n\t\t\t\t\t\t\t\t\t<span >\n\t\t\t\t\t\t\t\t\t\tBarrio Baranda n\u00fam. 22,\n 39795 Escalante (Cantabria)\n<br>\n\n<a href=\"https:\/\/www.google.com\/maps\/dir\/\/hotel+san+roman+de+escalante\/data=!4m6!4m5!1m1!4e2!1m2!1m1!1s0xd4eb89305d45d45:0xb9ea6a716f008364?sa=X&amp;ved=2ahUKEwiHk_r13fb8AhUC9rsIHe-GCt0Q9Rd6BAh_EAQ\">Comment arriver<\/a>\t\t\t\t\t\t\t\t\t<\/span>\n\t\t\t\t\t\t\t\t<\/p>\n\t\t\t\t\t\t\t\t              <\/div>\n              <!-- icon box end -->\n\n            <\/div>\n\t\t\t\t\t\t            <div class=\"col-12 col-lg-4\">\n\n              <!-- icon box -->\n              <div class=\"knsl-icon-box\">\n\t\t\t\t\t\t\t\t                <img decoding=\"async\" src=\"https:\/\/www.hotelsanromandeescalante.com\/wp-content\/uploads\/2021\/12\/f-10.png\" alt=\"icon\" class=\"knsl-mb-10\" \/>\n\t\t\t\t\t\t\t\t\t\t\t\t\t\t\t\t                <h5 class=\"knsl-mb-10\">\n\t\t\t\t\t\t\t\t\t<span >\n\t\t\t\t\t\t\t\t\t\tT\u00e9l\u00e9phone\t\t\t\t\t\t\t\t\t<\/span>\n\t\t\t\t\t\t\t\t<\/h5>\n\t\t\t\t\t\t\t\t\t\t\t\t\t\t\t\t                <p>\n\t\t\t\t\t\t\t\t\t<span >\n\t\t\t\t\t\t\t\t\t\t(+34) 942 677 728<br>\n(+34) 942 677 745\t\t\t\t\t\t\t\t\t<\/span>\n\t\t\t\t\t\t\t\t<\/p>\n\t\t\t\t\t\t\t\t              <\/div>\n              <!-- icon box end -->\n\n            <\/div>\n\t\t\t\t\t\t            <div class=\"col-12 col-lg-4\">\n\n              <!-- icon box -->\n              <div class=\"knsl-icon-box\">\n\t\t\t\t\t\t\t\t                <img decoding=\"async\" src=\"https:\/\/www.hotelsanromandeescalante.com\/wp-content\/uploads\/2021\/12\/f-11.png\" alt=\"icon\" class=\"knsl-mb-10\" \/>\n\t\t\t\t\t\t\t\t\t\t\t\t\t\t\t\t                <h5 class=\"knsl-mb-10\">\n\t\t\t\t\t\t\t\t\t<span >\n\t\t\t\t\t\t\t\t\t\tE-mail\t\t\t\t\t\t\t\t\t<\/span>\n\t\t\t\t\t\t\t\t<\/h5>\n\t\t\t\t\t\t\t\t\t\t\t\t\t\t\t\t                <p>\n\t\t\t\t\t\t\t\t\t<span >\n\t\t\t\t\t\t\t\t\t\treservas@hotelsanromandeescalante.com\t\t\t\t\t\t\t\t\t<\/span>\n\t\t\t\t\t\t\t\t<\/p>\n\t\t\t\t\t\t\t\t              <\/div>\n              <!-- icon box end -->\n\n            <\/div>\n\t\t\t\t\t\t          <\/div>\n\t\t\t\t\t        <\/div>\n        <!-- contact end -->\n\n      <\/div>\n    <\/section>\n\n\t\t\t\t\t\t<\/div>\n\t\t\t\t<\/div>\n\t\t\t\t\t<\/div>\n\t\t<\/div>\n\t\t\t\t\t<\/div>\n\t\t<\/section>\n\t\t\t\t<\/div>\n\t\t","protected":false},"excerpt":{"rendered":"<p>Contact \u00c9crivez-nous! Si vous souhaitez contacter l&#8217;H\u00f4tel San Rom\u00e1n de Escalante en Cantabrie, vous pouvez \u00e9galement le faire via le&#8230; <span class=\"knsl-el-more\"><a href=\"https:\/\/www.hotelsanromandeescalante.com\/fr\/contact\/\" class=\"knsl-btn\">Read more<\/a><\/span><\/p>\n","protected":false},"author":5,"featured_media":0,"parent":0,"menu_order":0,"comment_status":"closed","ping_status":"closed","template":"template-layout-builder.php","meta":{"inline_featured_image":false,"_joinchat":[],"footnotes":""},"class_list":["post-6152","page","type-page","status-publish","hentry"],"acf":[],"yoast_head":"<!-- This site is optimized with the Yoast SEO plugin v27.2 - https:\/\/yoast.com\/product\/yoast-seo-wordpress\/ -->\n<title>Contact - Hotel San Rom\u00e1n de Escalante<\/title>\n<meta name=\"description\" content=\"Contactez l&#039;H\u00f4tel San Rom\u00e1n de Escalante en Cantabria. Contactez-nous et nous vous fournirons toutes les informations dont vous avez besoin.\" \/>\n<meta name=\"robots\" content=\"index, follow, max-snippet:-1, max-image-preview:large, max-video-preview:-1\" \/>\n<link rel=\"canonical\" href=\"https:\/\/www.hotelsanromandeescalante.com\/fr\/contact\/\" \/>\n<meta property=\"og:locale\" content=\"fr_FR\" \/>\n<meta property=\"og:type\" content=\"article\" \/>\n<meta property=\"og:title\" content=\"Contact - Hotel San Rom\u00e1n de Escalante\" \/>\n<meta property=\"og:description\" content=\"Contactez l&#039;H\u00f4tel San Rom\u00e1n de Escalante en Cantabria. Contactez-nous et nous vous fournirons toutes les informations dont vous avez besoin.\" \/>\n<meta property=\"og:url\" content=\"https:\/\/www.hotelsanromandeescalante.com\/fr\/contact\/\" \/>\n<meta property=\"og:site_name\" content=\"Hotel San Rom\u00e1n de Escalante\" \/>\n<meta property=\"article:publisher\" content=\"https:\/\/www.facebook.com\/nuevohotelsanromandeescalante\" \/>\n<meta property=\"article:modified_time\" content=\"2023-04-26T09:36:44+00:00\" \/>\n<meta property=\"og:image\" content=\"https:\/\/www.hotelsanromandeescalante.com\/wp-content\/uploads\/2021\/12\/f-9.png\" \/>\n<meta name=\"twitter:card\" content=\"summary_large_image\" \/>\n<meta name=\"twitter:label1\" content=\"Dur\u00e9e de lecture estim\u00e9e\" \/>\n\t<meta name=\"twitter:data1\" content=\"1 minute\" \/>\n<script type=\"application\/ld+json\" class=\"yoast-schema-graph\">{\"@context\":\"https:\/\/schema.org\",\"@graph\":[{\"@type\":\"WebPage\",\"@id\":\"https:\/\/www.hotelsanromandeescalante.com\/fr\/contact\/\",\"url\":\"https:\/\/www.hotelsanromandeescalante.com\/fr\/contact\/\",\"name\":\"Contact - Hotel San Rom\u00e1n de Escalante\",\"isPartOf\":{\"@id\":\"https:\/\/www.hotelsanromandeescalante.com\/#website\"},\"primaryImageOfPage\":{\"@id\":\"https:\/\/www.hotelsanromandeescalante.com\/fr\/contact\/#primaryimage\"},\"image\":{\"@id\":\"https:\/\/www.hotelsanromandeescalante.com\/fr\/contact\/#primaryimage\"},\"thumbnailUrl\":\"https:\/\/www.hotelsanromandeescalante.com\/wp-content\/uploads\/2021\/12\/f-9.png\",\"datePublished\":\"2023-04-25T14:58:41+00:00\",\"dateModified\":\"2023-04-26T09:36:44+00:00\",\"description\":\"Contactez l'H\u00f4tel San Rom\u00e1n de Escalante en Cantabria. Contactez-nous et nous vous fournirons toutes les informations dont vous avez besoin.\",\"breadcrumb\":{\"@id\":\"https:\/\/www.hotelsanromandeescalante.com\/fr\/contact\/#breadcrumb\"},\"inLanguage\":\"fr-FR\",\"potentialAction\":[{\"@type\":\"ReadAction\",\"target\":[\"https:\/\/www.hotelsanromandeescalante.com\/fr\/contact\/\"]}]},{\"@type\":\"ImageObject\",\"inLanguage\":\"fr-FR\",\"@id\":\"https:\/\/www.hotelsanromandeescalante.com\/fr\/contact\/#primaryimage\",\"url\":\"https:\/\/www.hotelsanromandeescalante.com\/wp-content\/uploads\/2021\/12\/f-9.png\",\"contentUrl\":\"https:\/\/www.hotelsanromandeescalante.com\/wp-content\/uploads\/2021\/12\/f-9.png\"},{\"@type\":\"BreadcrumbList\",\"@id\":\"https:\/\/www.hotelsanromandeescalante.com\/fr\/contact\/#breadcrumb\",\"itemListElement\":[{\"@type\":\"ListItem\",\"position\":1,\"name\":\"Portada\",\"item\":\"https:\/\/www.hotelsanromandeescalante.com\/fr\/home\/\"},{\"@type\":\"ListItem\",\"position\":2,\"name\":\"Contact\"}]},{\"@type\":\"WebSite\",\"@id\":\"https:\/\/www.hotelsanromandeescalante.com\/#website\",\"url\":\"https:\/\/www.hotelsanromandeescalante.com\/\",\"name\":\"Hotel San Rom\u00e1n de Escalante\",\"description\":\"\",\"publisher\":{\"@id\":\"https:\/\/www.hotelsanromandeescalante.com\/#organization\"},\"potentialAction\":[{\"@type\":\"SearchAction\",\"target\":{\"@type\":\"EntryPoint\",\"urlTemplate\":\"https:\/\/www.hotelsanromandeescalante.com\/?s={search_term_string}\"},\"query-input\":{\"@type\":\"PropertyValueSpecification\",\"valueRequired\":true,\"valueName\":\"search_term_string\"}}],\"inLanguage\":\"fr-FR\"},{\"@type\":\"Organization\",\"@id\":\"https:\/\/www.hotelsanromandeescalante.com\/#organization\",\"name\":\"Hotel San Rom\u00e1n de Escalante\",\"url\":\"https:\/\/www.hotelsanromandeescalante.com\/\",\"logo\":{\"@type\":\"ImageObject\",\"inLanguage\":\"fr-FR\",\"@id\":\"https:\/\/www.hotelsanromandeescalante.com\/#\/schema\/logo\/image\/\",\"url\":\"https:\/\/www.hotelsanromandeescalante.com\/wp-content\/uploads\/2022\/11\/SanRoman_Logo_Horizontal.svg\",\"contentUrl\":\"https:\/\/www.hotelsanromandeescalante.com\/wp-content\/uploads\/2022\/11\/SanRoman_Logo_Horizontal.svg\",\"width\":\"1024\",\"height\":\"1024\",\"caption\":\"Hotel San Rom\u00e1n de Escalante\"},\"image\":{\"@id\":\"https:\/\/www.hotelsanromandeescalante.com\/#\/schema\/logo\/image\/\"},\"sameAs\":[\"https:\/\/www.facebook.com\/nuevohotelsanromandeescalante\",\"https:\/\/www.instagram.com\/nuevohotelsanromandeescalante\/\",\"https:\/\/www.youtube.com\/@hotelsanromandeescalante6567\"]}]}<\/script>\n<!-- \/ Yoast SEO plugin. -->","yoast_head_json":{"title":"Contact - Hotel San Rom\u00e1n de Escalante","description":"Contactez l'H\u00f4tel San Rom\u00e1n de Escalante en Cantabria. Contactez-nous et nous vous fournirons toutes les informations dont vous avez besoin.","robots":{"index":"index","follow":"follow","max-snippet":"max-snippet:-1","max-image-preview":"max-image-preview:large","max-video-preview":"max-video-preview:-1"},"canonical":"https:\/\/www.hotelsanromandeescalante.com\/fr\/contact\/","og_locale":"fr_FR","og_type":"article","og_title":"Contact - Hotel San Rom\u00e1n de Escalante","og_description":"Contactez l'H\u00f4tel San Rom\u00e1n de Escalante en Cantabria. Contactez-nous et nous vous fournirons toutes les informations dont vous avez besoin.","og_url":"https:\/\/www.hotelsanromandeescalante.com\/fr\/contact\/","og_site_name":"Hotel San Rom\u00e1n de Escalante","article_publisher":"https:\/\/www.facebook.com\/nuevohotelsanromandeescalante","article_modified_time":"2023-04-26T09:36:44+00:00","og_image":[{"url":"https:\/\/www.hotelsanromandeescalante.com\/wp-content\/uploads\/2021\/12\/f-9.png","type":"","width":"","height":""}],"twitter_card":"summary_large_image","twitter_misc":{"Dur\u00e9e de lecture estim\u00e9e":"1 minute"},"schema":{"@context":"https:\/\/schema.org","@graph":[{"@type":"WebPage","@id":"https:\/\/www.hotelsanromandeescalante.com\/fr\/contact\/","url":"https:\/\/www.hotelsanromandeescalante.com\/fr\/contact\/","name":"Contact - Hotel San Rom\u00e1n de Escalante","isPartOf":{"@id":"https:\/\/www.hotelsanromandeescalante.com\/#website"},"primaryImageOfPage":{"@id":"https:\/\/www.hotelsanromandeescalante.com\/fr\/contact\/#primaryimage"},"image":{"@id":"https:\/\/www.hotelsanromandeescalante.com\/fr\/contact\/#primaryimage"},"thumbnailUrl":"https:\/\/www.hotelsanromandeescalante.com\/wp-content\/uploads\/2021\/12\/f-9.png","datePublished":"2023-04-25T14:58:41+00:00","dateModified":"2023-04-26T09:36:44+00:00","description":"Contactez l'H\u00f4tel San Rom\u00e1n de Escalante en Cantabria. Contactez-nous et nous vous fournirons toutes les informations dont vous avez besoin.","breadcrumb":{"@id":"https:\/\/www.hotelsanromandeescalante.com\/fr\/contact\/#breadcrumb"},"inLanguage":"fr-FR","potentialAction":[{"@type":"ReadAction","target":["https:\/\/www.hotelsanromandeescalante.com\/fr\/contact\/"]}]},{"@type":"ImageObject","inLanguage":"fr-FR","@id":"https:\/\/www.hotelsanromandeescalante.com\/fr\/contact\/#primaryimage","url":"https:\/\/www.hotelsanromandeescalante.com\/wp-content\/uploads\/2021\/12\/f-9.png","contentUrl":"https:\/\/www.hotelsanromandeescalante.com\/wp-content\/uploads\/2021\/12\/f-9.png"},{"@type":"BreadcrumbList","@id":"https:\/\/www.hotelsanromandeescalante.com\/fr\/contact\/#breadcrumb","itemListElement":[{"@type":"ListItem","position":1,"name":"Portada","item":"https:\/\/www.hotelsanromandeescalante.com\/fr\/home\/"},{"@type":"ListItem","position":2,"name":"Contact"}]},{"@type":"WebSite","@id":"https:\/\/www.hotelsanromandeescalante.com\/#website","url":"https:\/\/www.hotelsanromandeescalante.com\/","name":"Hotel San Rom\u00e1n de Escalante","description":"","publisher":{"@id":"https:\/\/www.hotelsanromandeescalante.com\/#organization"},"potentialAction":[{"@type":"SearchAction","target":{"@type":"EntryPoint","urlTemplate":"https:\/\/www.hotelsanromandeescalante.com\/?s={search_term_string}"},"query-input":{"@type":"PropertyValueSpecification","valueRequired":true,"valueName":"search_term_string"}}],"inLanguage":"fr-FR"},{"@type":"Organization","@id":"https:\/\/www.hotelsanromandeescalante.com\/#organization","name":"Hotel San Rom\u00e1n de Escalante","url":"https:\/\/www.hotelsanromandeescalante.com\/","logo":{"@type":"ImageObject","inLanguage":"fr-FR","@id":"https:\/\/www.hotelsanromandeescalante.com\/#\/schema\/logo\/image\/","url":"https:\/\/www.hotelsanromandeescalante.com\/wp-content\/uploads\/2022\/11\/SanRoman_Logo_Horizontal.svg","contentUrl":"https:\/\/www.hotelsanromandeescalante.com\/wp-content\/uploads\/2022\/11\/SanRoman_Logo_Horizontal.svg","width":"1024","height":"1024","caption":"Hotel San Rom\u00e1n de Escalante"},"image":{"@id":"https:\/\/www.hotelsanromandeescalante.com\/#\/schema\/logo\/image\/"},"sameAs":["https:\/\/www.facebook.com\/nuevohotelsanromandeescalante","https:\/\/www.instagram.com\/nuevohotelsanromandeescalante\/","https:\/\/www.youtube.com\/@hotelsanromandeescalante6567"]}]}},"_links":{"self":[{"href":"https:\/\/www.hotelsanromandeescalante.com\/fr\/wp-json\/wp\/v2\/pages\/6152","targetHints":{"allow":["GET"]}}],"collection":[{"href":"https:\/\/www.hotelsanromandeescalante.com\/fr\/wp-json\/wp\/v2\/pages"}],"about":[{"href":"https:\/\/www.hotelsanromandeescalante.com\/fr\/wp-json\/wp\/v2\/types\/page"}],"author":[{"embeddable":true,"href":"https:\/\/www.hotelsanromandeescalante.com\/fr\/wp-json\/wp\/v2\/users\/5"}],"replies":[{"embeddable":true,"href":"https:\/\/www.hotelsanromandeescalante.com\/fr\/wp-json\/wp\/v2\/comments?post=6152"}],"version-history":[{"count":3,"href":"https:\/\/www.hotelsanromandeescalante.com\/fr\/wp-json\/wp\/v2\/pages\/6152\/revisions"}],"predecessor-version":[{"id":6173,"href":"https:\/\/www.hotelsanromandeescalante.com\/fr\/wp-json\/wp\/v2\/pages\/6152\/revisions\/6173"}],"wp:attachment":[{"href":"https:\/\/www.hotelsanromandeescalante.com\/fr\/wp-json\/wp\/v2\/media?parent=6152"}],"curies":[{"name":"wp","href":"https:\/\/api.w.org\/{rel}","templated":true}]}}