{"id":6150,"date":"2023-04-25T16:47:10","date_gmt":"2023-04-25T14:47:10","guid":{"rendered":"https:\/\/www.hotelsanromandeescalante.com\/conditions-de-reservation-et-politique-dannulation\/"},"modified":"2023-04-25T16:47:10","modified_gmt":"2023-04-25T14:47:10","slug":"conditions-de-reservation-et-politique-dannulation","status":"publish","type":"page","link":"https:\/\/www.hotelsanromandeescalante.com\/fr\/conditions-de-reservation-et-politique-dannulation\/","title":{"rendered":"Conditions de r\u00e9servation et politique d&#8217;annulation"},"content":{"rendered":"\n<h4 class=\"wp-block-heading\">Conditions d&#8217;entr\u00e9e et de sortie<\/h4>\n\n<p>Entr\u00e9e apr\u00e8s 15h00.<br\/>D\u00e9part avant 12h00.<\/p>\n\n<h4 class=\"wp-block-heading\">Les taux<\/h4>\n\n<p>Le co\u00fbt des chambres est visible sur le site internet et varie selon la saison de l&#8217;ann\u00e9e.<\/p>\n\n<h4 class=\"wp-block-heading\">Politique de paiement<\/h4>\n\n<p>Taxes et charges suppl\u00e9mentaires : la TVA est incluse. Taxe de s\u00e9jour non applicable. Frais de service non applicables.<\/p>\n\n<h4 class=\"wp-block-heading\">Politique d&#8217;annulation<\/h4>\n\n<p>Si vous annulez jusqu&#8217;\u00e0 5 jours avant la date d&#8217;arriv\u00e9e, l&#8217;h\u00f4tel ne facturera pas.<br\/>Si vous annulez apr\u00e8s la date limite ou ne vous pr\u00e9sentez pas, l&#8217;h\u00f4tel facturera 100% de la premi\u00e8re nuit.<\/p>\n","protected":false},"excerpt":{"rendered":"<p>Conditions d&#8217;entr\u00e9e et de sortie Entr\u00e9e apr\u00e8s 15h00.D\u00e9part avant 12h00. Les taux Le co\u00fbt des chambres est visible sur le&#8230; <span class=\"knsl-el-more\"><a href=\"https:\/\/www.hotelsanromandeescalante.com\/fr\/conditions-de-reservation-et-politique-dannulation\/\" class=\"knsl-btn\">Read more<\/a><\/span><\/p>\n","protected":false},"author":5,"featured_media":0,"parent":0,"menu_order":0,"comment_status":"closed","ping_status":"closed","template":"","meta":{"inline_featured_image":false,"_joinchat":[],"footnotes":""},"class_list":["post-6150","page","type-page","status-publish","hentry"],"acf":[],"yoast_head":"<!-- This site is optimized with the Yoast SEO plugin v27.2 - https:\/\/yoast.com\/product\/yoast-seo-wordpress\/ -->\n<title>Conditions de r\u00e9servation et politique d&#039;annulation - Hotel San Rom\u00e1n de Escalante<\/title>\n<meta name=\"robots\" content=\"index, follow, max-snippet:-1, max-image-preview:large, max-video-preview:-1\" \/>\n<link rel=\"canonical\" href=\"https:\/\/www.hotelsanromandeescalante.com\/fr\/conditions-de-reservation-et-politique-dannulation\/\" \/>\n<meta property=\"og:locale\" content=\"fr_FR\" \/>\n<meta property=\"og:type\" content=\"article\" \/>\n<meta property=\"og:title\" content=\"Conditions de r\u00e9servation et politique d&#039;annulation - Hotel San Rom\u00e1n de Escalante\" \/>\n<meta property=\"og:description\" content=\"Conditions d&#8217;entr\u00e9e et de sortie Entr\u00e9e apr\u00e8s 15h00.D\u00e9part avant 12h00. Les taux Le co\u00fbt des chambres est visible sur le... Read more\" \/>\n<meta property=\"og:url\" content=\"https:\/\/www.hotelsanromandeescalante.com\/fr\/conditions-de-reservation-et-politique-dannulation\/\" \/>\n<meta property=\"og:site_name\" content=\"Hotel San Rom\u00e1n de Escalante\" \/>\n<meta property=\"article:publisher\" content=\"https:\/\/www.facebook.com\/nuevohotelsanromandeescalante\" \/>\n<meta name=\"twitter:card\" content=\"summary_large_image\" \/>\n<script type=\"application\/ld+json\" class=\"yoast-schema-graph\">{\"@context\":\"https:\/\/schema.org\",\"@graph\":[{\"@type\":\"WebPage\",\"@id\":\"https:\/\/www.hotelsanromandeescalante.com\/fr\/conditions-de-reservation-et-politique-dannulation\/\",\"url\":\"https:\/\/www.hotelsanromandeescalante.com\/fr\/conditions-de-reservation-et-politique-dannulation\/\",\"name\":\"Conditions de r\u00e9servation et politique d'annulation - Hotel San Rom\u00e1n de Escalante\",\"isPartOf\":{\"@id\":\"https:\/\/www.hotelsanromandeescalante.com\/#website\"},\"datePublished\":\"2023-04-25T14:47:10+00:00\",\"breadcrumb\":{\"@id\":\"https:\/\/www.hotelsanromandeescalante.com\/fr\/conditions-de-reservation-et-politique-dannulation\/#breadcrumb\"},\"inLanguage\":\"fr-FR\",\"potentialAction\":[{\"@type\":\"ReadAction\",\"target\":[\"https:\/\/www.hotelsanromandeescalante.com\/fr\/conditions-de-reservation-et-politique-dannulation\/\"]}]},{\"@type\":\"BreadcrumbList\",\"@id\":\"https:\/\/www.hotelsanromandeescalante.com\/fr\/conditions-de-reservation-et-politique-dannulation\/#breadcrumb\",\"itemListElement\":[{\"@type\":\"ListItem\",\"position\":1,\"name\":\"Portada\",\"item\":\"https:\/\/www.hotelsanromandeescalante.com\/fr\/home\/\"},{\"@type\":\"ListItem\",\"position\":2,\"name\":\"Conditions de r\u00e9servation et politique d&#8217;annulation\"}]},{\"@type\":\"WebSite\",\"@id\":\"https:\/\/www.hotelsanromandeescalante.com\/#website\",\"url\":\"https:\/\/www.hotelsanromandeescalante.com\/\",\"name\":\"Hotel San Rom\u00e1n de Escalante\",\"description\":\"\",\"publisher\":{\"@id\":\"https:\/\/www.hotelsanromandeescalante.com\/#organization\"},\"potentialAction\":[{\"@type\":\"SearchAction\",\"target\":{\"@type\":\"EntryPoint\",\"urlTemplate\":\"https:\/\/www.hotelsanromandeescalante.com\/?s={search_term_string}\"},\"query-input\":{\"@type\":\"PropertyValueSpecification\",\"valueRequired\":true,\"valueName\":\"search_term_string\"}}],\"inLanguage\":\"fr-FR\"},{\"@type\":\"Organization\",\"@id\":\"https:\/\/www.hotelsanromandeescalante.com\/#organization\",\"name\":\"Hotel San Rom\u00e1n de Escalante\",\"url\":\"https:\/\/www.hotelsanromandeescalante.com\/\",\"logo\":{\"@type\":\"ImageObject\",\"inLanguage\":\"fr-FR\",\"@id\":\"https:\/\/www.hotelsanromandeescalante.com\/#\/schema\/logo\/image\/\",\"url\":\"https:\/\/www.hotelsanromandeescalante.com\/wp-content\/uploads\/2022\/11\/SanRoman_Logo_Horizontal.svg\",\"contentUrl\":\"https:\/\/www.hotelsanromandeescalante.com\/wp-content\/uploads\/2022\/11\/SanRoman_Logo_Horizontal.svg\",\"width\":\"1024\",\"height\":\"1024\",\"caption\":\"Hotel San Rom\u00e1n de Escalante\"},\"image\":{\"@id\":\"https:\/\/www.hotelsanromandeescalante.com\/#\/schema\/logo\/image\/\"},\"sameAs\":[\"https:\/\/www.facebook.com\/nuevohotelsanromandeescalante\",\"https:\/\/www.instagram.com\/nuevohotelsanromandeescalante\/\",\"https:\/\/www.youtube.com\/@hotelsanromandeescalante6567\"]}]}<\/script>\n<!-- \/ Yoast SEO plugin. -->","yoast_head_json":{"title":"Conditions de r\u00e9servation et politique d'annulation - Hotel San Rom\u00e1n de Escalante","robots":{"index":"index","follow":"follow","max-snippet":"max-snippet:-1","max-image-preview":"max-image-preview:large","max-video-preview":"max-video-preview:-1"},"canonical":"https:\/\/www.hotelsanromandeescalante.com\/fr\/conditions-de-reservation-et-politique-dannulation\/","og_locale":"fr_FR","og_type":"article","og_title":"Conditions de r\u00e9servation et politique d'annulation - Hotel San Rom\u00e1n de Escalante","og_description":"Conditions d&#8217;entr\u00e9e et de sortie Entr\u00e9e apr\u00e8s 15h00.D\u00e9part avant 12h00. Les taux Le co\u00fbt des chambres est visible sur le... Read more","og_url":"https:\/\/www.hotelsanromandeescalante.com\/fr\/conditions-de-reservation-et-politique-dannulation\/","og_site_name":"Hotel San Rom\u00e1n de Escalante","article_publisher":"https:\/\/www.facebook.com\/nuevohotelsanromandeescalante","twitter_card":"summary_large_image","schema":{"@context":"https:\/\/schema.org","@graph":[{"@type":"WebPage","@id":"https:\/\/www.hotelsanromandeescalante.com\/fr\/conditions-de-reservation-et-politique-dannulation\/","url":"https:\/\/www.hotelsanromandeescalante.com\/fr\/conditions-de-reservation-et-politique-dannulation\/","name":"Conditions de r\u00e9servation et politique d'annulation - Hotel San Rom\u00e1n de Escalante","isPartOf":{"@id":"https:\/\/www.hotelsanromandeescalante.com\/#website"},"datePublished":"2023-04-25T14:47:10+00:00","breadcrumb":{"@id":"https:\/\/www.hotelsanromandeescalante.com\/fr\/conditions-de-reservation-et-politique-dannulation\/#breadcrumb"},"inLanguage":"fr-FR","potentialAction":[{"@type":"ReadAction","target":["https:\/\/www.hotelsanromandeescalante.com\/fr\/conditions-de-reservation-et-politique-dannulation\/"]}]},{"@type":"BreadcrumbList","@id":"https:\/\/www.hotelsanromandeescalante.com\/fr\/conditions-de-reservation-et-politique-dannulation\/#breadcrumb","itemListElement":[{"@type":"ListItem","position":1,"name":"Portada","item":"https:\/\/www.hotelsanromandeescalante.com\/fr\/home\/"},{"@type":"ListItem","position":2,"name":"Conditions de r\u00e9servation et politique d&#8217;annulation"}]},{"@type":"WebSite","@id":"https:\/\/www.hotelsanromandeescalante.com\/#website","url":"https:\/\/www.hotelsanromandeescalante.com\/","name":"Hotel San Rom\u00e1n de Escalante","description":"","publisher":{"@id":"https:\/\/www.hotelsanromandeescalante.com\/#organization"},"potentialAction":[{"@type":"SearchAction","target":{"@type":"EntryPoint","urlTemplate":"https:\/\/www.hotelsanromandeescalante.com\/?s={search_term_string}"},"query-input":{"@type":"PropertyValueSpecification","valueRequired":true,"valueName":"search_term_string"}}],"inLanguage":"fr-FR"},{"@type":"Organization","@id":"https:\/\/www.hotelsanromandeescalante.com\/#organization","name":"Hotel San Rom\u00e1n de Escalante","url":"https:\/\/www.hotelsanromandeescalante.com\/","logo":{"@type":"ImageObject","inLanguage":"fr-FR","@id":"https:\/\/www.hotelsanromandeescalante.com\/#\/schema\/logo\/image\/","url":"https:\/\/www.hotelsanromandeescalante.com\/wp-content\/uploads\/2022\/11\/SanRoman_Logo_Horizontal.svg","contentUrl":"https:\/\/www.hotelsanromandeescalante.com\/wp-content\/uploads\/2022\/11\/SanRoman_Logo_Horizontal.svg","width":"1024","height":"1024","caption":"Hotel San Rom\u00e1n de Escalante"},"image":{"@id":"https:\/\/www.hotelsanromandeescalante.com\/#\/schema\/logo\/image\/"},"sameAs":["https:\/\/www.facebook.com\/nuevohotelsanromandeescalante","https:\/\/www.instagram.com\/nuevohotelsanromandeescalante\/","https:\/\/www.youtube.com\/@hotelsanromandeescalante6567"]}]}},"_links":{"self":[{"href":"https:\/\/www.hotelsanromandeescalante.com\/fr\/wp-json\/wp\/v2\/pages\/6150","targetHints":{"allow":["GET"]}}],"collection":[{"href":"https:\/\/www.hotelsanromandeescalante.com\/fr\/wp-json\/wp\/v2\/pages"}],"about":[{"href":"https:\/\/www.hotelsanromandeescalante.com\/fr\/wp-json\/wp\/v2\/types\/page"}],"author":[{"embeddable":true,"href":"https:\/\/www.hotelsanromandeescalante.com\/fr\/wp-json\/wp\/v2\/users\/5"}],"replies":[{"embeddable":true,"href":"https:\/\/www.hotelsanromandeescalante.com\/fr\/wp-json\/wp\/v2\/comments?post=6150"}],"version-history":[{"count":1,"href":"https:\/\/www.hotelsanromandeescalante.com\/fr\/wp-json\/wp\/v2\/pages\/6150\/revisions"}],"predecessor-version":[{"id":6151,"href":"https:\/\/www.hotelsanromandeescalante.com\/fr\/wp-json\/wp\/v2\/pages\/6150\/revisions\/6151"}],"wp:attachment":[{"href":"https:\/\/www.hotelsanromandeescalante.com\/fr\/wp-json\/wp\/v2\/media?parent=6150"}],"curies":[{"name":"wp","href":"https:\/\/api.w.org\/{rel}","templated":true}]}}